{"id":23,"date":"2016-02-12T08:12:49","date_gmt":"2016-02-12T13:12:49","guid":{"rendered":"http:\/\/demos.famethemes.com\/onepress\/?page_id=23"},"modified":"2024-10-27T05:52:28","modified_gmt":"2024-10-27T10:52:28","slug":"render-exterior-interior","status":"publish","type":"page","link":"https:\/\/3dpixelstudio.co\/index.php\/render-exterior-interior\/","title":{"rendered":"RENDER EXTERIOR \/ INTERIOR"},"content":{"rendered":"<p>En Australia, las opciones para la disfunci\u00f3n er\u00e9ctil var\u00edan ampliamente. Las fuentes en l\u00ednea pueden ofrecer soluciones sin receta. Es fundamental explorar los distintos problemas de salud \u00edntima. Comprender los diferentes tipos de disfunciones ayuda a abordar las inquietudes. Obtenga m\u00e1s informaci\u00f3n sobre los posibles efectos de las opciones de estilo de vida en <a  href=\"http:\/\/www.fndmanasota.org\/my-penis-can-only-get-so-erect.pdf\" style=\"color: #606466;\">http:\/\/www.fndmanasota.org\/my-penis-can-only-get-so-erect.pdf<\/a> El conocimiento permite tomar mejores decisiones en materia de salud. El vardenafil es conocido por sus posibles efectos secundarios. Un usuario comparti\u00f3 <a  href=\"http:\/\/lcmodel.ca\/free-online-levitra-sample-pack.pdf\" style=\"color: #2E3133;\">su explicaci\u00f3n<\/a> sobre c\u00f3mo manejar estos problemas.<\/p>\n<figure class=\"wp-block-gallery columns-3 is-cropped wp-block-gallery-1 is-layout-flex wp-block-gallery-is-layout-flex\">\n<ul class=\"blocks-gallery-grid\">\n<li class=\"blocks-gallery-item\">\n<figure><img loading=\"lazy\" decoding=\"async\" width=\"1024\" height=\"681\" src=\"https:\/\/3dpixelstudio.co\/wp-content\/uploads\/2020\/06\/Viterbo4-1024x681.jpg\" alt=\"\" data-id=\"1528\" data-full-url=\"https:\/\/3dpixelstudio.co\/wp-content\/uploads\/2020\/06\/Viterbo4.jpg\" data-link=\"https:\/\/3dpixelstudio.co\/index.php\/galeria\/viterbo4\/\" class=\"wp-image-1528\" srcset=\"https:\/\/3dpixelstudio.co\/wp-content\/uploads\/2020\/06\/Viterbo4-1024x681.jpg 1024w, https:\/\/3dpixelstudio.co\/wp-content\/uploads\/2020\/06\/Viterbo4-300x199.jpg 300w, https:\/\/3dpixelstudio.co\/wp-content\/uploads\/2020\/06\/Viterbo4-768x511.jpg 768w, https:\/\/3dpixelstudio.co\/wp-content\/uploads\/2020\/06\/Viterbo4.jpg 1280w\" sizes=\"auto, (max-width: 1024px) 100vw, 1024px\" \/><\/figure>\n<\/li>\n<li class=\"blocks-gallery-item\">\n<figure><img loading=\"lazy\" decoding=\"async\" width=\"1024\" height=\"768\" src=\"https:\/\/3dpixelstudio.co\/wp-content\/uploads\/2020\/06\/Viterbo3-1024x768.jpg\" alt=\"\" data-id=\"1527\" data-full-url=\"https:\/\/3dpixelstudio.co\/wp-content\/uploads\/2020\/06\/Viterbo3.jpg\" data-link=\"https:\/\/3dpixelstudio.co\/index.php\/galeria\/viterbo3\/\" class=\"wp-image-1527\" srcset=\"https:\/\/3dpixelstudio.co\/wp-content\/uploads\/2020\/06\/Viterbo3-1024x768.jpg 1024w, https:\/\/3dpixelstudio.co\/wp-content\/uploads\/2020\/06\/Viterbo3-300x225.jpg 300w, https:\/\/3dpixelstudio.co\/wp-content\/uploads\/2020\/06\/Viterbo3-768x576.jpg 768w, https:\/\/3dpixelstudio.co\/wp-content\/uploads\/2020\/06\/Viterbo3.jpg 1280w\" sizes=\"auto, (max-width: 1024px) 100vw, 1024px\" \/><\/figure>\n<\/li>\n<li class=\"blocks-gallery-item\">\n<figure><img loading=\"lazy\" decoding=\"async\" width=\"1024\" height=\"480\" src=\"https:\/\/3dpixelstudio.co\/wp-content\/uploads\/2020\/06\/Viterbo2-1024x480.jpg\" alt=\"\" data-id=\"1526\" data-full-url=\"https:\/\/3dpixelstudio.co\/wp-content\/uploads\/2020\/06\/Viterbo2.jpg\" data-link=\"https:\/\/3dpixelstudio.co\/index.php\/galeria\/viterbo2\/\" class=\"wp-image-1526\" srcset=\"https:\/\/3dpixelstudio.co\/wp-content\/uploads\/2020\/06\/Viterbo2-1024x480.jpg 1024w, https:\/\/3dpixelstudio.co\/wp-content\/uploads\/2020\/06\/Viterbo2-300x141.jpg 300w, https:\/\/3dpixelstudio.co\/wp-content\/uploads\/2020\/06\/Viterbo2-768x360.jpg 768w, https:\/\/3dpixelstudio.co\/wp-content\/uploads\/2020\/06\/Viterbo2.jpg 1280w\" sizes=\"auto, (max-width: 1024px) 100vw, 1024px\" \/><\/figure>\n<\/li>\n<li class=\"blocks-gallery-item\">\n<figure><img loading=\"lazy\" decoding=\"async\" width=\"1024\" height=\"1024\" src=\"https:\/\/3dpixelstudio.co\/wp-content\/uploads\/2020\/06\/Viterbo-1024x1024.jpg\" alt=\"\" data-id=\"1525\" data-full-url=\"https:\/\/3dpixelstudio.co\/wp-content\/uploads\/2020\/06\/Viterbo.jpg\" data-link=\"https:\/\/3dpixelstudio.co\/index.php\/galeria\/viterbo\/\" class=\"wp-image-1525\" srcset=\"https:\/\/3dpixelstudio.co\/wp-content\/uploads\/2020\/06\/Viterbo-1024x1024.jpg 1024w, https:\/\/3dpixelstudio.co\/wp-content\/uploads\/2020\/06\/Viterbo-300x300.jpg 300w, https:\/\/3dpixelstudio.co\/wp-content\/uploads\/2020\/06\/Viterbo-150x150.jpg 150w, https:\/\/3dpixelstudio.co\/wp-content\/uploads\/2020\/06\/Viterbo-768x768.jpg 768w, https:\/\/3dpixelstudio.co\/wp-content\/uploads\/2020\/06\/Viterbo.jpg 1280w\" sizes=\"auto, (max-width: 1024px) 100vw, 1024px\" \/><\/figure>\n<\/li>\n<li class=\"blocks-gallery-item\">\n<figure><img loading=\"lazy\" decoding=\"async\" width=\"1024\" height=\"714\" src=\"https:\/\/3dpixelstudio.co\/wp-content\/uploads\/2020\/06\/Villa-1024x714.jpg\" alt=\"\" data-id=\"1524\" data-full-url=\"https:\/\/3dpixelstudio.co\/wp-content\/uploads\/2020\/06\/Villa.jpg\" data-link=\"https:\/\/3dpixelstudio.co\/index.php\/galeria\/villa\/\" class=\"wp-image-1524\" srcset=\"https:\/\/3dpixelstudio.co\/wp-content\/uploads\/2020\/06\/Villa-1024x714.jpg 1024w, https:\/\/3dpixelstudio.co\/wp-content\/uploads\/2020\/06\/Villa-300x209.jpg 300w, https:\/\/3dpixelstudio.co\/wp-content\/uploads\/2020\/06\/Villa-768x536.jpg 768w, https:\/\/3dpixelstudio.co\/wp-content\/uploads\/2020\/06\/Villa.jpg 1280w\" sizes=\"auto, (max-width: 1024px) 100vw, 1024px\" \/><\/figure>\n<\/li>\n<li class=\"blocks-gallery-item\">\n<figure><img loading=\"lazy\" decoding=\"async\" width=\"1024\" height=\"576\" src=\"https:\/\/3dpixelstudio.co\/wp-content\/uploads\/2020\/06\/Tierraviva-1024x576.jpg\" alt=\"\" data-id=\"1523\" data-full-url=\"https:\/\/3dpixelstudio.co\/wp-content\/uploads\/2020\/06\/Tierraviva.jpg\" data-link=\"https:\/\/3dpixelstudio.co\/index.php\/galeria\/tierraviva\/\" class=\"wp-image-1523\" srcset=\"https:\/\/3dpixelstudio.co\/wp-content\/uploads\/2020\/06\/Tierraviva-1024x576.jpg 1024w, https:\/\/3dpixelstudio.co\/wp-content\/uploads\/2020\/06\/Tierraviva-300x169.jpg 300w, https:\/\/3dpixelstudio.co\/wp-content\/uploads\/2020\/06\/Tierraviva-768x432.jpg 768w, https:\/\/3dpixelstudio.co\/wp-content\/uploads\/2020\/06\/Tierraviva.jpg 1280w\" sizes=\"auto, (max-width: 1024px) 100vw, 1024px\" \/><\/figure>\n<\/li>\n<li class=\"blocks-gallery-item\">\n<figure><img loading=\"lazy\" decoding=\"async\" width=\"1024\" height=\"400\" src=\"https:\/\/3dpixelstudio.co\/wp-content\/uploads\/2020\/06\/Semiaereo-1024x400.jpg\" alt=\"\" data-id=\"1522\" data-full-url=\"https:\/\/3dpixelstudio.co\/wp-content\/uploads\/2020\/06\/Semiaereo.jpg\" data-link=\"https:\/\/3dpixelstudio.co\/index.php\/galeria\/semiaereo\/\" class=\"wp-image-1522\" srcset=\"https:\/\/3dpixelstudio.co\/wp-content\/uploads\/2020\/06\/Semiaereo-1024x400.jpg 1024w, https:\/\/3dpixelstudio.co\/wp-content\/uploads\/2020\/06\/Semiaereo-300x117.jpg 300w, https:\/\/3dpixelstudio.co\/wp-content\/uploads\/2020\/06\/Semiaereo-768x300.jpg 768w, https:\/\/3dpixelstudio.co\/wp-content\/uploads\/2020\/06\/Semiaereo.jpg 1280w\" sizes=\"auto, (max-width: 1024px) 100vw, 1024px\" \/><\/figure>\n<\/li>\n<li class=\"blocks-gallery-item\">\n<figure><img loading=\"lazy\" decoding=\"async\" width=\"1024\" height=\"400\" src=\"https:\/\/3dpixelstudio.co\/wp-content\/uploads\/2020\/06\/Reserva-1024x400.jpg\" alt=\"\" data-id=\"1521\" data-full-url=\"https:\/\/3dpixelstudio.co\/wp-content\/uploads\/2020\/06\/Reserva.jpg\" data-link=\"https:\/\/3dpixelstudio.co\/index.php\/galeria\/reserva\/\" class=\"wp-image-1521\" srcset=\"https:\/\/3dpixelstudio.co\/wp-content\/uploads\/2020\/06\/Reserva-1024x400.jpg 1024w, https:\/\/3dpixelstudio.co\/wp-content\/uploads\/2020\/06\/Reserva-300x117.jpg 300w, https:\/\/3dpixelstudio.co\/wp-content\/uploads\/2020\/06\/Reserva-768x300.jpg 768w, https:\/\/3dpixelstudio.co\/wp-content\/uploads\/2020\/06\/Reserva.jpg 1280w\" sizes=\"auto, (max-width: 1024px) 100vw, 1024px\" \/><\/figure>\n<\/li>\n<li class=\"blocks-gallery-item\">\n<figure><img loading=\"lazy\" decoding=\"async\" width=\"1024\" height=\"768\" src=\"https:\/\/3dpixelstudio.co\/wp-content\/uploads\/2020\/06\/Portal-1024x768.jpg\" alt=\"\" data-id=\"1520\" data-full-url=\"https:\/\/3dpixelstudio.co\/wp-content\/uploads\/2020\/06\/Portal.jpg\" data-link=\"https:\/\/3dpixelstudio.co\/index.php\/galeria\/portal\/\" class=\"wp-image-1520\" srcset=\"https:\/\/3dpixelstudio.co\/wp-content\/uploads\/2020\/06\/Portal-1024x768.jpg 1024w, https:\/\/3dpixelstudio.co\/wp-content\/uploads\/2020\/06\/Portal-300x225.jpg 300w, https:\/\/3dpixelstudio.co\/wp-content\/uploads\/2020\/06\/Portal-768x576.jpg 768w, https:\/\/3dpixelstudio.co\/wp-content\/uploads\/2020\/06\/Portal.jpg 1280w\" sizes=\"auto, (max-width: 1024px) 100vw, 1024px\" \/><\/figure>\n<\/li>\n<li class=\"blocks-gallery-item\">\n<figure><img loading=\"lazy\" decoding=\"async\" width=\"738\" height=\"1024\" src=\"https:\/\/3dpixelstudio.co\/wp-content\/uploads\/2020\/06\/Palermo-738x1024.jpg\" alt=\"\" data-id=\"1519\" data-full-url=\"https:\/\/3dpixelstudio.co\/wp-content\/uploads\/2020\/06\/Palermo.jpg\" data-link=\"https:\/\/3dpixelstudio.co\/index.php\/galeria\/palermo\/\" class=\"wp-image-1519\" srcset=\"https:\/\/3dpixelstudio.co\/wp-content\/uploads\/2020\/06\/Palermo-738x1024.jpg 738w, https:\/\/3dpixelstudio.co\/wp-content\/uploads\/2020\/06\/Palermo-216x300.jpg 216w, https:\/\/3dpixelstudio.co\/wp-content\/uploads\/2020\/06\/Palermo-768x1066.jpg 768w, https:\/\/3dpixelstudio.co\/wp-content\/uploads\/2020\/06\/Palermo-1106x1536.jpg 1106w, https:\/\/3dpixelstudio.co\/wp-content\/uploads\/2020\/06\/Palermo.jpg 1280w\" sizes=\"auto, (max-width: 738px) 100vw, 738px\" \/><\/figure>\n<\/li>\n<li class=\"blocks-gallery-item\">\n<figure><img loading=\"lazy\" decoding=\"async\" width=\"1024\" height=\"575\" src=\"https:\/\/3dpixelstudio.co\/wp-content\/uploads\/2020\/06\/Monterrizo2-1024x575.jpg\" alt=\"\" data-id=\"1518\" data-full-url=\"https:\/\/3dpixelstudio.co\/wp-content\/uploads\/2020\/06\/Monterrizo2.jpg\" data-link=\"https:\/\/3dpixelstudio.co\/index.php\/galeria\/monterrizo2\/\" class=\"wp-image-1518\" srcset=\"https:\/\/3dpixelstudio.co\/wp-content\/uploads\/2020\/06\/Monterrizo2-1024x575.jpg 1024w, https:\/\/3dpixelstudio.co\/wp-content\/uploads\/2020\/06\/Monterrizo2-300x169.jpg 300w, https:\/\/3dpixelstudio.co\/wp-content\/uploads\/2020\/06\/Monterrizo2-768x431.jpg 768w, https:\/\/3dpixelstudio.co\/wp-content\/uploads\/2020\/06\/Monterrizo2.jpg 1280w\" sizes=\"auto, (max-width: 1024px) 100vw, 1024px\" \/><\/figure>\n<\/li>\n<li class=\"blocks-gallery-item\">\n<figure><img loading=\"lazy\" decoding=\"async\" width=\"1024\" height=\"681\" src=\"https:\/\/3dpixelstudio.co\/wp-content\/uploads\/2020\/06\/Monterrizo-1024x681.jpg\" alt=\"\" data-id=\"1517\" data-full-url=\"https:\/\/3dpixelstudio.co\/wp-content\/uploads\/2020\/06\/Monterrizo.jpg\" data-link=\"https:\/\/3dpixelstudio.co\/index.php\/galeria\/monterrizo\/\" class=\"wp-image-1517\" srcset=\"https:\/\/3dpixelstudio.co\/wp-content\/uploads\/2020\/06\/Monterrizo-1024x681.jpg 1024w, https:\/\/3dpixelstudio.co\/wp-content\/uploads\/2020\/06\/Monterrizo-300x199.jpg 300w, https:\/\/3dpixelstudio.co\/wp-content\/uploads\/2020\/06\/Monterrizo-768x511.jpg 768w, https:\/\/3dpixelstudio.co\/wp-content\/uploads\/2020\/06\/Monterrizo.jpg 1280w\" sizes=\"auto, (max-width: 1024px) 100vw, 1024px\" \/><\/figure>\n<\/li>\n<li class=\"blocks-gallery-item\">\n<figure><img loading=\"lazy\" decoding=\"async\" width=\"1024\" height=\"574\" src=\"https:\/\/3dpixelstudio.co\/wp-content\/uploads\/2020\/06\/Marmato-1024x574.jpg\" alt=\"\" data-id=\"1516\" data-full-url=\"https:\/\/3dpixelstudio.co\/wp-content\/uploads\/2020\/06\/Marmato.jpg\" data-link=\"https:\/\/3dpixelstudio.co\/index.php\/galeria\/marmato\/\" class=\"wp-image-1516\" srcset=\"https:\/\/3dpixelstudio.co\/wp-content\/uploads\/2020\/06\/Marmato-1024x574.jpg 1024w, https:\/\/3dpixelstudio.co\/wp-content\/uploads\/2020\/06\/Marmato-300x168.jpg 300w, https:\/\/3dpixelstudio.co\/wp-content\/uploads\/2020\/06\/Marmato-768x431.jpg 768w, https:\/\/3dpixelstudio.co\/wp-content\/uploads\/2020\/06\/Marmato.jpg 1280w\" sizes=\"auto, (max-width: 1024px) 100vw, 1024px\" \/><\/figure>\n<\/li>\n<li class=\"blocks-gallery-item\">\n<figure><img loading=\"lazy\" decoding=\"async\" width=\"1024\" height=\"576\" src=\"https:\/\/3dpixelstudio.co\/wp-content\/uploads\/2020\/06\/Hotel-1024x576.jpg\" alt=\"\" data-id=\"1515\" data-full-url=\"https:\/\/3dpixelstudio.co\/wp-content\/uploads\/2020\/06\/Hotel.jpg\" data-link=\"https:\/\/3dpixelstudio.co\/index.php\/galeria\/hotel\/\" class=\"wp-image-1515\" srcset=\"https:\/\/3dpixelstudio.co\/wp-content\/uploads\/2020\/06\/Hotel-1024x576.jpg 1024w, https:\/\/3dpixelstudio.co\/wp-content\/uploads\/2020\/06\/Hotel-300x169.jpg 300w, https:\/\/3dpixelstudio.co\/wp-content\/uploads\/2020\/06\/Hotel-768x432.jpg 768w, https:\/\/3dpixelstudio.co\/wp-content\/uploads\/2020\/06\/Hotel.jpg 1280w\" sizes=\"auto, (max-width: 1024px) 100vw, 1024px\" \/><\/figure>\n<\/li>\n<li class=\"blocks-gallery-item\">\n<figure><img loading=\"lazy\" decoding=\"async\" width=\"1024\" height=\"505\" src=\"https:\/\/3dpixelstudio.co\/wp-content\/uploads\/2020\/06\/Finca-1024x505.jpg\" alt=\"\" data-id=\"1514\" data-full-url=\"https:\/\/3dpixelstudio.co\/wp-content\/uploads\/2020\/06\/Finca.jpg\" data-link=\"https:\/\/3dpixelstudio.co\/index.php\/galeria\/finca\/\" class=\"wp-image-1514\" srcset=\"https:\/\/3dpixelstudio.co\/wp-content\/uploads\/2020\/06\/Finca-1024x505.jpg 1024w, https:\/\/3dpixelstudio.co\/wp-content\/uploads\/2020\/06\/Finca-300x148.jpg 300w, https:\/\/3dpixelstudio.co\/wp-content\/uploads\/2020\/06\/Finca-768x379.jpg 768w, https:\/\/3dpixelstudio.co\/wp-content\/uploads\/2020\/06\/Finca.jpg 1280w\" sizes=\"auto, (max-width: 1024px) 100vw, 1024px\" \/><\/figure>\n<\/li>\n<li class=\"blocks-gallery-item\">\n<figure><img loading=\"lazy\" decoding=\"async\" width=\"1024\" height=\"575\" src=\"https:\/\/3dpixelstudio.co\/wp-content\/uploads\/2020\/06\/Chinchina-1024x575.jpg\" alt=\"\" data-id=\"1513\" data-full-url=\"https:\/\/3dpixelstudio.co\/wp-content\/uploads\/2020\/06\/Chinchina.jpg\" data-link=\"https:\/\/3dpixelstudio.co\/index.php\/galeria\/chinchina\/\" class=\"wp-image-1513\" srcset=\"https:\/\/3dpixelstudio.co\/wp-content\/uploads\/2020\/06\/Chinchina-1024x575.jpg 1024w, https:\/\/3dpixelstudio.co\/wp-content\/uploads\/2020\/06\/Chinchina-300x169.jpg 300w, https:\/\/3dpixelstudio.co\/wp-content\/uploads\/2020\/06\/Chinchina-768x431.jpg 768w, https:\/\/3dpixelstudio.co\/wp-content\/uploads\/2020\/06\/Chinchina.jpg 1280w\" sizes=\"auto, (max-width: 1024px) 100vw, 1024px\" \/><\/figure>\n<\/li>\n<li class=\"blocks-gallery-item\">\n<figure><img loading=\"lazy\" decoding=\"async\" width=\"1024\" height=\"443\" src=\"https:\/\/3dpixelstudio.co\/wp-content\/uploads\/2020\/06\/Centriko4-1024x443.jpg\" alt=\"\" data-id=\"1512\" data-full-url=\"https:\/\/3dpixelstudio.co\/wp-content\/uploads\/2020\/06\/Centriko4.jpg\" data-link=\"https:\/\/3dpixelstudio.co\/index.php\/galeria\/centriko4\/\" class=\"wp-image-1512\" srcset=\"https:\/\/3dpixelstudio.co\/wp-content\/uploads\/2020\/06\/Centriko4-1024x443.jpg 1024w, https:\/\/3dpixelstudio.co\/wp-content\/uploads\/2020\/06\/Centriko4-300x130.jpg 300w, https:\/\/3dpixelstudio.co\/wp-content\/uploads\/2020\/06\/Centriko4-768x332.jpg 768w, https:\/\/3dpixelstudio.co\/wp-content\/uploads\/2020\/06\/Centriko4.jpg 1280w\" sizes=\"auto, (max-width: 1024px) 100vw, 1024px\" \/><\/figure>\n<\/li>\n<li class=\"blocks-gallery-item\">\n<figure><img loading=\"lazy\" decoding=\"async\" width=\"1024\" height=\"574\" src=\"https:\/\/3dpixelstudio.co\/wp-content\/uploads\/2020\/06\/Centriko3-1024x574.jpg\" alt=\"\" data-id=\"1511\" data-full-url=\"https:\/\/3dpixelstudio.co\/wp-content\/uploads\/2020\/06\/Centriko3.jpg\" data-link=\"https:\/\/3dpixelstudio.co\/index.php\/galeria\/centriko3\/\" class=\"wp-image-1511\" srcset=\"https:\/\/3dpixelstudio.co\/wp-content\/uploads\/2020\/06\/Centriko3-1024x574.jpg 1024w, https:\/\/3dpixelstudio.co\/wp-content\/uploads\/2020\/06\/Centriko3-300x168.jpg 300w, https:\/\/3dpixelstudio.co\/wp-content\/uploads\/2020\/06\/Centriko3-768x431.jpg 768w, https:\/\/3dpixelstudio.co\/wp-content\/uploads\/2020\/06\/Centriko3.jpg 1280w\" sizes=\"auto, (max-width: 1024px) 100vw, 1024px\" \/><\/figure>\n<\/li>\n<li class=\"blocks-gallery-item\">\n<figure><img loading=\"lazy\" decoding=\"async\" width=\"1024\" height=\"574\" src=\"https:\/\/3dpixelstudio.co\/wp-content\/uploads\/2020\/06\/Centriko2-1024x574.jpg\" alt=\"\" data-id=\"1510\" data-full-url=\"https:\/\/3dpixelstudio.co\/wp-content\/uploads\/2020\/06\/Centriko2.jpg\" data-link=\"https:\/\/3dpixelstudio.co\/index.php\/galeria\/centriko2\/\" class=\"wp-image-1510\" srcset=\"https:\/\/3dpixelstudio.co\/wp-content\/uploads\/2020\/06\/Centriko2-1024x574.jpg 1024w, https:\/\/3dpixelstudio.co\/wp-content\/uploads\/2020\/06\/Centriko2-300x168.jpg 300w, https:\/\/3dpixelstudio.co\/wp-content\/uploads\/2020\/06\/Centriko2-768x431.jpg 768w, https:\/\/3dpixelstudio.co\/wp-content\/uploads\/2020\/06\/Centriko2.jpg 1280w\" sizes=\"auto, (max-width: 1024px) 100vw, 1024px\" \/><\/figure>\n<\/li>\n<li class=\"blocks-gallery-item\">\n<figure><img loading=\"lazy\" decoding=\"async\" width=\"1024\" height=\"939\" src=\"https:\/\/3dpixelstudio.co\/wp-content\/uploads\/2020\/06\/Centriko-1024x939.jpg\" alt=\"\" data-id=\"1509\" data-full-url=\"https:\/\/3dpixelstudio.co\/wp-content\/uploads\/2020\/06\/Centriko.jpg\" data-link=\"https:\/\/3dpixelstudio.co\/index.php\/galeria\/centriko\/\" class=\"wp-image-1509\" srcset=\"https:\/\/3dpixelstudio.co\/wp-content\/uploads\/2020\/06\/Centriko-1024x939.jpg 1024w, https:\/\/3dpixelstudio.co\/wp-content\/uploads\/2020\/06\/Centriko-300x275.jpg 300w, https:\/\/3dpixelstudio.co\/wp-content\/uploads\/2020\/06\/Centriko-768x704.jpg 768w, https:\/\/3dpixelstudio.co\/wp-content\/uploads\/2020\/06\/Centriko.jpg 1280w\" sizes=\"auto, (max-width: 1024px) 100vw, 1024px\" \/><\/figure>\n<\/li>\n<li class=\"blocks-gallery-item\">\n<figure><img decoding=\"async\" src=\"https:\/\/3dpixelstudio.co\/wp-content\/uploads\/2020\/06\/Bogota-972x1024.jpg\" alt=\"\" data-id=\"1508\" data-full-url=\"https:\/\/3dpixelstudio.co\/wp-content\/uploads\/2020\/06\/Bogota.jpg\" data-link=\"https:\/\/3dpixelstudio.co\/index.php\/galeria\/bogota\/\" class=\"wp-image-1508\"\/><\/figure>\n<\/li>\n<li class=\"blocks-gallery-item\">\n<figure><img loading=\"lazy\" decoding=\"async\" width=\"1024\" height=\"574\" src=\"https:\/\/3dpixelstudio.co\/wp-content\/uploads\/2020\/06\/Bambu-1024x574.jpg\" alt=\"\" data-id=\"1507\" data-full-url=\"https:\/\/3dpixelstudio.co\/wp-content\/uploads\/2020\/06\/Bambu.jpg\" data-link=\"https:\/\/3dpixelstudio.co\/index.php\/galeria\/bambu\/\" class=\"wp-image-1507\" srcset=\"https:\/\/3dpixelstudio.co\/wp-content\/uploads\/2020\/06\/Bambu-1024x574.jpg 1024w, https:\/\/3dpixelstudio.co\/wp-content\/uploads\/2020\/06\/Bambu-300x168.jpg 300w, https:\/\/3dpixelstudio.co\/wp-content\/uploads\/2020\/06\/Bambu-768x431.jpg 768w, https:\/\/3dpixelstudio.co\/wp-content\/uploads\/2020\/06\/Bambu.jpg 1280w\" sizes=\"auto, (max-width: 1024px) 100vw, 1024px\" \/><\/figure>\n<\/li>\n<li class=\"blocks-gallery-item\">\n<figure><img loading=\"lazy\" decoding=\"async\" width=\"1024\" height=\"576\" src=\"https:\/\/3dpixelstudio.co\/wp-content\/uploads\/2020\/06\/Amarelloaereo-1024x576.jpg\" alt=\"\" data-id=\"1506\" data-full-url=\"https:\/\/3dpixelstudio.co\/wp-content\/uploads\/2020\/06\/Amarelloaereo.jpg\" data-link=\"https:\/\/3dpixelstudio.co\/index.php\/galeria\/amarelloaereo\/\" class=\"wp-image-1506\" srcset=\"https:\/\/3dpixelstudio.co\/wp-content\/uploads\/2020\/06\/Amarelloaereo-1024x576.jpg 1024w, https:\/\/3dpixelstudio.co\/wp-content\/uploads\/2020\/06\/Amarelloaereo-300x169.jpg 300w, https:\/\/3dpixelstudio.co\/wp-content\/uploads\/2020\/06\/Amarelloaereo-768x432.jpg 768w, https:\/\/3dpixelstudio.co\/wp-content\/uploads\/2020\/06\/Amarelloaereo.jpg 1280w\" sizes=\"auto, (max-width: 1024px) 100vw, 1024px\" \/><\/figure>\n<\/li>\n<li class=\"blocks-gallery-item\">\n<figure><img loading=\"lazy\" decoding=\"async\" width=\"789\" height=\"1024\" src=\"https:\/\/3dpixelstudio.co\/wp-content\/uploads\/2020\/06\/Amarello4-789x1024.jpg\" alt=\"\" data-id=\"1505\" data-full-url=\"https:\/\/3dpixelstudio.co\/wp-content\/uploads\/2020\/06\/Amarello4.jpg\" data-link=\"https:\/\/3dpixelstudio.co\/index.php\/galeria\/amarello4\/\" class=\"wp-image-1505\" srcset=\"https:\/\/3dpixelstudio.co\/wp-content\/uploads\/2020\/06\/Amarello4-789x1024.jpg 789w, https:\/\/3dpixelstudio.co\/wp-content\/uploads\/2020\/06\/Amarello4-231x300.jpg 231w, https:\/\/3dpixelstudio.co\/wp-content\/uploads\/2020\/06\/Amarello4-768x997.jpg 768w, https:\/\/3dpixelstudio.co\/wp-content\/uploads\/2020\/06\/Amarello4-1183x1536.jpg 1183w, https:\/\/3dpixelstudio.co\/wp-content\/uploads\/2020\/06\/Amarello4.jpg 1280w\" sizes=\"auto, (max-width: 789px) 100vw, 789px\" \/><\/figure>\n<\/li>\n<li class=\"blocks-gallery-item\">\n<figure><img loading=\"lazy\" decoding=\"async\" width=\"1024\" height=\"576\" src=\"https:\/\/3dpixelstudio.co\/wp-content\/uploads\/2020\/06\/Amarello3-1024x576.jpg\" alt=\"\" data-id=\"1504\" data-full-url=\"https:\/\/3dpixelstudio.co\/wp-content\/uploads\/2020\/06\/Amarello3.jpg\" data-link=\"https:\/\/3dpixelstudio.co\/index.php\/galeria\/amarello3\/\" class=\"wp-image-1504\" srcset=\"https:\/\/3dpixelstudio.co\/wp-content\/uploads\/2020\/06\/Amarello3-1024x576.jpg 1024w, https:\/\/3dpixelstudio.co\/wp-content\/uploads\/2020\/06\/Amarello3-300x169.jpg 300w, https:\/\/3dpixelstudio.co\/wp-content\/uploads\/2020\/06\/Amarello3-768x432.jpg 768w, https:\/\/3dpixelstudio.co\/wp-content\/uploads\/2020\/06\/Amarello3.jpg 1280w\" sizes=\"auto, (max-width: 1024px) 100vw, 1024px\" \/><\/figure>\n<\/li>\n<\/ul>\n<\/figure>\n","protected":false},"excerpt":{"rendered":"<p>En Australia, las opciones para la disfunci\u00f3n er\u00e9ctil var\u00edan ampliamente. Las fuentes en l\u00ednea pueden ofrecer soluciones sin receta. Es fundamental explorar los distintos problemas de salud \u00edntima. Comprender los &#8230;<\/p>\n","protected":false},"author":2,"featured_media":0,"parent":0,"menu_order":0,"comment_status":"closed","ping_status":"closed","template":"","meta":{"footnotes":""},"class_list":["post-23","page","type-page","status-publish","hentry"],"_links":{"self":[{"href":"https:\/\/3dpixelstudio.co\/index.php\/wp-json\/wp\/v2\/pages\/23","targetHints":{"allow":["GET"]}}],"collection":[{"href":"https:\/\/3dpixelstudio.co\/index.php\/wp-json\/wp\/v2\/pages"}],"about":[{"href":"https:\/\/3dpixelstudio.co\/index.php\/wp-json\/wp\/v2\/types\/page"}],"author":[{"embeddable":true,"href":"https:\/\/3dpixelstudio.co\/index.php\/wp-json\/wp\/v2\/users\/2"}],"replies":[{"embeddable":true,"href":"https:\/\/3dpixelstudio.co\/index.php\/wp-json\/wp\/v2\/comments?post=23"}],"version-history":[{"count":7,"href":"https:\/\/3dpixelstudio.co\/index.php\/wp-json\/wp\/v2\/pages\/23\/revisions"}],"predecessor-version":[{"id":2273,"href":"https:\/\/3dpixelstudio.co\/index.php\/wp-json\/wp\/v2\/pages\/23\/revisions\/2273"}],"wp:attachment":[{"href":"https:\/\/3dpixelstudio.co\/index.php\/wp-json\/wp\/v2\/media?parent=23"}],"curies":[{"name":"wp","href":"https:\/\/api.w.org\/{rel}","templated":true}]}}